{"id":18,"date":"2015-10-31T19:12:14","date_gmt":"2015-10-31T18:12:14","guid":{"rendered":"http:\/\/schnasseldag.lima-city.de\/wordpress\/?page_id=18"},"modified":"2015-11-26T23:33:19","modified_gmt":"2015-11-26T22:33:19","slug":"seite-2-1","status":"publish","type":"page","link":"https:\/\/schnasseldag.lima-city.de\/wordpress\/meine-2-seite\/seite-2-1\/","title":{"rendered":"Seite 2.1"},"content":{"rendered":"<p>Das ist die Seite 2.1.<\/p>\n<p>Test eines <a href=\"https:\/\/dl.orangedox.com\/5pcNN7NKCPiwnfGy9u\/Hubo_1.00.03_Dokumentation_und_Sicherheit.zip\" target=\"_blank\">Downloads<\/a> Test in neuer Seite.<\/p>\n<p>Test eines <a href=\"https:\/\/dl.orangedox.com\/5pcNN7NKCPiwnfGy9u\/Hubo_1.00.03_Dokumentation_und_Sicherheit.zip\">Downloads<\/a> Test in gleicher Seite.<\/p>\n<p style=\"text-align: left;\"><a href=\"http:\/\/schnasseldag.lima-city.de\/wordpress\/wp-content\/uploads\/2015\/10\/cropped-Boardlegende1.jpg\"><img loading=\"lazy\" class=\"alignnone wp-image-27\" src=\"http:\/\/schnasseldag.lima-city.de\/wordpress\/wp-content\/uploads\/2015\/10\/cropped-Boardlegende1-300x300.jpg\" alt=\"cropped-Boardlegende1.jpg\" width=\"446\" height=\"446\" srcset=\"https:\/\/schnasseldag.lima-city.de\/wordpress\/wp-content\/uploads\/2015\/10\/cropped-Boardlegende1-300x300.jpg 300w, https:\/\/schnasseldag.lima-city.de\/wordpress\/wp-content\/uploads\/2015\/10\/cropped-Boardlegende1-150x150.jpg 150w, https:\/\/schnasseldag.lima-city.de\/wordpress\/wp-content\/uploads\/2015\/10\/cropped-Boardlegende1-270x270.jpg 270w, https:\/\/schnasseldag.lima-city.de\/wordpress\/wp-content\/uploads\/2015\/10\/cropped-Boardlegende1-192x192.jpg 192w, https:\/\/schnasseldag.lima-city.de\/wordpress\/wp-content\/uploads\/2015\/10\/cropped-Boardlegende1-180x180.jpg 180w, https:\/\/schnasseldag.lima-city.de\/wordpress\/wp-content\/uploads\/2015\/10\/cropped-Boardlegende1-32x32.jpg 32w, https:\/\/schnasseldag.lima-city.de\/wordpress\/wp-content\/uploads\/2015\/10\/cropped-Boardlegende1.jpg 512w\" sizes=\"(max-width: 446px) 100vw, 446px\" \/><\/a><\/p>\n<p style=\"text-align: left;\">Text ohne Einzug.<\/p>\n<p style=\"padding-left: 30px;\">Text mit Einzug.<\/p>\n<p style=\"text-align: center;\"><span style=\"text-decoration: underline; color: #000080;\">Liste <\/span><\/p>\n<ul>\n<li>erstens<\/li>\n<li>zweitens<\/li>\n<li>drittens<\/li>\n<\/ul>\n<blockquote><p>Ein Ungl\u00fcck kommt selten allein.<\/p><\/blockquote>\n<p>Das ist reiner Text.<\/p>\n<p>Zeilenumbruch.<\/p>\n<p>&nbsp;<\/p>\n<p><?php\necho (\"Hallo1\");\n?>;<\/p>\n<p>Neuer Absatz<\/p>\n<h1>\u00dcberschrift 1<\/h1>\n<h2>\u00dcberschrift 2<\/h2>\n<h3>\u00dcberschrift 3<\/h3>\n<p>Schreiben Sie uns eine <a href=\"mailto:schnasseldag@web.de?subject=Anfrage%20zum%20Hubo\">eMail<\/a>.<br \/>\nWir freuen uns.<\/p>\n<p>&nbsp;<\/p>\n<p>&nbsp;<\/p>\n<form action=\"mailto:schnasseldag@web.de\" enctype=\"text\/plain\" method=\"get\">Your First Name: <input name=\"first_name\" type=\"text\" \/><br \/>\nYour Last Name: <input name=\"last_name\" type=\"text\" \/><br \/>\nComments: <textarea cols=\"30\" name=\"comments\" rows=\"5\"><\/textarea><br \/>\n<input type=\"submit\" value=\"Send\" \/><\/form>\n<p>br<\/p>\n<p>&nbsp;<\/p>\n","protected":false},"excerpt":{"rendered":"<p>Das ist die Seite 2.1. Test eines Downloads Test in neuer Seite. Test eines Downloads Test in gleicher Seite. Text ohne Einzug. Text mit Einzug. Liste erstens zweitens drittens Ein Ungl\u00fcck kommt selten allein. Das ist reiner Text. Zeilenumbruch. &nbsp; ; Neuer Absatz \u00dcberschrift 1 \u00dcberschrift 2 \u00dcberschrift 3 Schreiben\u2026<\/p>\n<p> <a class=\"continue-reading-link\" href=\"https:\/\/schnasseldag.lima-city.de\/wordpress\/meine-2-seite\/seite-2-1\/\"><span>Continue reading<\/span><i class=\"crycon-right-dir\"><\/i><\/a> <\/p>\n","protected":false},"author":1,"featured_media":0,"parent":7,"menu_order":0,"comment_status":"closed","ping_status":"closed","template":"","meta":[],"_links":{"self":[{"href":"https:\/\/schnasseldag.lima-city.de\/wordpress\/wp-json\/wp\/v2\/pages\/18"}],"collection":[{"href":"https:\/\/schnasseldag.lima-city.de\/wordpress\/wp-json\/wp\/v2\/pages"}],"about":[{"href":"https:\/\/schnasseldag.lima-city.de\/wordpress\/wp-json\/wp\/v2\/types\/page"}],"author":[{"embeddable":true,"href":"https:\/\/schnasseldag.lima-city.de\/wordpress\/wp-json\/wp\/v2\/users\/1"}],"replies":[{"embeddable":true,"href":"https:\/\/schnasseldag.lima-city.de\/wordpress\/wp-json\/wp\/v2\/comments?post=18"}],"version-history":[{"count":17,"href":"https:\/\/schnasseldag.lima-city.de\/wordpress\/wp-json\/wp\/v2\/pages\/18\/revisions"}],"predecessor-version":[{"id":100,"href":"https:\/\/schnasseldag.lima-city.de\/wordpress\/wp-json\/wp\/v2\/pages\/18\/revisions\/100"}],"up":[{"embeddable":true,"href":"https:\/\/schnasseldag.lima-city.de\/wordpress\/wp-json\/wp\/v2\/pages\/7"}],"wp:attachment":[{"href":"https:\/\/schnasseldag.lima-city.de\/wordpress\/wp-json\/wp\/v2\/media?parent=18"}],"curies":[{"name":"wp","href":"https:\/\/api.w.org\/{rel}","templated":true}]}}