{"id":28,"date":"2015-10-31T20:51:07","date_gmt":"2015-10-31T19:51:07","guid":{"rendered":"http:\/\/schnasseldag.lima-city.de\/wordpress\/?page_id=28"},"modified":"2018-05-23T23:35:26","modified_gmt":"2018-05-23T21:35:26","slug":"datenschutz","status":"publish","type":"page","link":"https:\/\/schnasseldag.lima-city.de\/wordpress\/datenschutz\/","title":{"rendered":"Datenschutz"},"content":{"rendered":"<div class=\"entry-content\">\n<p><strong>Datenschutzrichtlinie dieser Webseite<\/strong><\/p>\n<p>Diese Webseite kann in der Regel ohne weitere Angabe personenbezogener Daten benutzt werden. Sollten auf einzelnen Seiten personenbezogene Daten (zum Beispiel Name, Vorname, Adresse) erhoben werden, so geschieht das auf freiwilliger Basis. Ohne Ihre ausdr\u00fcckliche Zustimmung werden diese Daten nicht an Dritte weitergegeben.<\/p>\n<p>Grunds\u00e4tzlich sollten Sie beachten, dass Daten\u00fcbertragungen im Internet (z.B. der Besuch von Webseiten, das Herunterladen von Inhalten und Daten) Sicherheitsl\u00fccken aufweisen k\u00f6nnen. Ein vollst\u00e4ndiger Schutz \u00fcbermittelter Daten vor dem Zugriff Dritter ist nicht m\u00f6glich.<\/p>\n<p>&nbsp;<\/p>\n<p><strong>Cookies<\/strong><\/p>\n<p>Wir verwenden Cookies zum Wiedererkennen gleicher Aktionen wie z.B. den erneuten Besuch unseres Internet Shops oder zur Erkennung eines wiederholten Besuchs unserer Internetseiten. Bei Cookies handelt es sich um kleine Textdateien, die der Internet-Browser auf der Festplatte Ihres Rechner ablegt und speichert. Bei den von uns verwendeten Cookies handelt es sich in der Regel um sog. \u201eSession-Cookies\u201c, welche nach dem Ende Ihres Besuches bzw. dem Schlie\u00dfen Ihres Internet-Browsers wieder gel\u00f6scht werden.<br \/>\nEinige unserer Cookies werden verwendet, um Sie automatisch wieder zu erkennen. Diese Information wird u.a. f\u00fcr unseren Besucherz\u00e4hler Counts-per-Day ben\u00f6tigt und erfolgt aufgrund der in den Cookies gespeicherten IP-Adresse.<br \/>\nMittels der f\u00fcr Cookies vorgesehenen Einstellungen in Ihrem Internet-Browser k\u00f6nnen sie die Art der Speicherung von Cookies festlegen, sich diese anzeigen lassen oder auch l\u00f6schen. Wir m\u00f6chten Sie jedoch darauf hinweisen, da\u00df dann m\u00f6glicherweise nicht alle Funktionen unserer Website vollumf\u00e4nglich zur Verf\u00fcgung stehen.<\/p>\n<p>&nbsp;<\/p>\n<p><strong>Lima City<\/strong><\/p>\n<p>Der von uns verwendete Web Hoster lima-city erfasst und speichert IP-Adressen lediglich zum Zweck der Unterst\u00fctzung einer strafrechtlichen Nachverfolgung, so dies von Gesetzes wegen erforderlich sein sollte.<\/p>\n<p><a href=\"https:\/\/www.lima-city.de\/juristisches#datenschutzerklaerung\" target=\"_blank\" rel=\"noopener\">Link zur lima-city Datenschutzerkl\u00e4rung<\/a><\/p>\n<p>&nbsp;<\/p>\n<p><strong>Counts-per-Day<\/strong><\/p>\n<p>Unsere Webseite verwendet Count-per-Day, ein WordPress-Plugin, welches eine statistische Analyse der Benutzung unserer Webseiten durch Sie erm\u00f6glicht. Das Plugin haben wir so konfiguriert, dass weder die Herkunft noch der Browser gespeichert werden und die IP-Adresse anonymisiert wird. Die somit gewonnenen Informationen (Datum, anonymisierte IP-Adresse) werden von uns gespeichert, um die Nutzung unserer Webseite durch Sie auszuwerten. Aufgrund der Anonymisierung der IP-Adresse ist keinerlei R\u00fcckschluss auf Sie als Person m\u00f6glich.<\/p>\n<p><a href=\"http:\/\/www.tomsdimension.de\/wp-plugins\/count-per-day\" target=\"_blank\" rel=\"noopener\">Link zur Counts-per-Day Seite<\/a><\/p>\n<p>&nbsp;<\/p>\n<p><strong>Links zu Webseiten Dritter<\/strong><br \/>\nUnsere Seite enth\u00e4lt Links auf weitere Webseiten. Wir empfehlen Ihnen, die Datenschutzrichtlinien der verlinkten Drittanbieter ebenfalls zu konsultieren. R\u00fcckmeldungen zu Seiten, die uns helfen die Integrit\u00e4t unserer Seiten zu sch\u00fctzen, begr\u00fc\u00dfen wir.<\/p>\n<p>&nbsp;<\/p>\n<p><strong>Recht auf Auskunft, Korrektur, L\u00f6schung und Sperrung personenbezogener Daten<\/strong><\/p>\n<p>Auf Ihren Wunsch hin, werden im Rahmen der gesetzlichen Bestimmungen Ihre personenbezogenen Daten gel\u00f6scht, korrigiert bzw. gesperrt. Sie haben das Recht auf eine unentgeltliche Auskunft der von Ihnen gespeicherten personenbezogenen Daten. Fragen und Antr\u00e4ge zur L\u00f6schung, Korrektur bzw. Sperrung Ihrer personenbezogenen Daten sowie Erhebung, Verarbeitung und Nutzung richten Sie bitte an die folgende Adresse: Dag Auerbach, St.-Vitus-Str. 41, 82205 Gilching. Beachten Sie bitte auch unsere <a href=\"http:\/\/schnasseldag.lima-city.de\/wordpress\/agb\/\" target=\"_blank\" rel=\"noopener\">AGB<\/a>.<\/p>\n<p>&nbsp;<\/p>\n<p><strong>Weitere Informationen<\/strong><\/p>\n<p>Eine Nutzung der im Rahmen der Impressumspflicht ver\u00f6ffentlichten Kontaktdaten durch Dritte wird hiermit ausdr\u00fccklich untersagt, wenn es sich dabei um nicht ausdr\u00fccklich von uns erbetene Werbung bzw. Informationsmaterial handelt. Wir behalten uns ausdr\u00fccklich rechtliche Schritte f\u00fcr den Fall der unverlangten Zusendung von Werbematerial, z.B. mittels Spam-Mails, vor.<\/p>\n<\/div>\n","protected":false},"excerpt":{"rendered":"<p>Datenschutzrichtlinie dieser Webseite Diese Webseite kann in der Regel ohne weitere Angabe personenbezogener Daten benutzt werden. Sollten auf einzelnen Seiten personenbezogene Daten (zum Beispiel Name, Vorname, Adresse) erhoben werden, so geschieht das auf freiwilliger Basis. Ohne Ihre ausdr\u00fcckliche Zustimmung werden diese Daten nicht an Dritte weitergegeben. Grunds\u00e4tzlich sollten Sie beachten,\u2026<\/p>\n<p> <a class=\"continue-reading-link\" href=\"https:\/\/schnasseldag.lima-city.de\/wordpress\/datenschutz\/\"><span>Continue reading<\/span><i class=\"crycon-right-dir\"><\/i><\/a> <\/p>\n","protected":false},"author":1,"featured_media":0,"parent":0,"menu_order":0,"comment_status":"closed","ping_status":"closed","template":"","meta":[],"_links":{"self":[{"href":"https:\/\/schnasseldag.lima-city.de\/wordpress\/wp-json\/wp\/v2\/pages\/28"}],"collection":[{"href":"https:\/\/schnasseldag.lima-city.de\/wordpress\/wp-json\/wp\/v2\/pages"}],"about":[{"href":"https:\/\/schnasseldag.lima-city.de\/wordpress\/wp-json\/wp\/v2\/types\/page"}],"author":[{"embeddable":true,"href":"https:\/\/schnasseldag.lima-city.de\/wordpress\/wp-json\/wp\/v2\/users\/1"}],"replies":[{"embeddable":true,"href":"https:\/\/schnasseldag.lima-city.de\/wordpress\/wp-json\/wp\/v2\/comments?post=28"}],"version-history":[{"count":11,"href":"https:\/\/schnasseldag.lima-city.de\/wordpress\/wp-json\/wp\/v2\/pages\/28\/revisions"}],"predecessor-version":[{"id":170,"href":"https:\/\/schnasseldag.lima-city.de\/wordpress\/wp-json\/wp\/v2\/pages\/28\/revisions\/170"}],"wp:attachment":[{"href":"https:\/\/schnasseldag.lima-city.de\/wordpress\/wp-json\/wp\/v2\/media?parent=28"}],"curies":[{"name":"wp","href":"https:\/\/api.w.org\/{rel}","templated":true}]}}