{"id":59,"date":"2015-11-08T12:57:00","date_gmt":"2015-11-08T11:57:00","guid":{"rendered":"http:\/\/schnasseldag.lima-city.de\/wordpress\/?page_id=59"},"modified":"2018-04-26T10:49:52","modified_gmt":"2018-04-26T08:49:52","slug":"agb","status":"publish","type":"page","link":"https:\/\/schnasseldag.lima-city.de\/wordpress\/agb\/","title":{"rendered":"AGB"},"content":{"rendered":"<p>Unsere Allgemeinen Gesch\u00e4ftsbedingungen ( AGB) senden wir Ihnen gern auf Wunsch (bzw. im Zuge der Anbahnung eines Gesch\u00e4ftes vorab) zu, bzw. liegen in unseren Gesch\u00e4ftsr\u00e4umen zur Einsicht bereit.<br \/>\n<div class=\"woocommerce woocommerce-gzd woocommerce-gzd-complaints-shortcode\">\n    <h3>Alternative Streitbeilegung gem\u00e4\u00df Art. 14 Abs. 1 ODR-VO und \u00a7 36 VSBG:<\/h3>\n\n<p>Die Europ\u00e4ische Kommission stellt eine Plattform zur Online-Streitbeilegung (OS) bereit, die du unter <a href=\"https:\/\/ec.europa.eu\/consumers\/odr\" target=\"_blank\">https:\/\/ec.europa.eu\/consumers\/odr<\/a> findest. Zur Teilnahme an einem Streitbeilegungsverfahren vor einer Verbraucherschlichtungsstelle sind wir nicht verpflichtet und nicht bereit.<\/p>\n<\/div><\/p>\n","protected":false},"excerpt":{"rendered":"<p>Unsere Allgemeinen Gesch\u00e4ftsbedingungen ( AGB) senden wir Ihnen gern auf Wunsch (bzw. im Zuge der Anbahnung eines Gesch\u00e4ftes vorab) zu, bzw. liegen in unseren Gesch\u00e4ftsr\u00e4umen zur Einsicht bereit.<\/p>\n<p> <a class=\"continue-reading-link\" href=\"https:\/\/schnasseldag.lima-city.de\/wordpress\/agb\/\"><span>Continue reading<\/span><i class=\"crycon-right-dir\"><\/i><\/a> <\/p>\n","protected":false},"author":1,"featured_media":0,"parent":0,"menu_order":0,"comment_status":"closed","ping_status":"closed","template":"","meta":[],"_links":{"self":[{"href":"https:\/\/schnasseldag.lima-city.de\/wordpress\/wp-json\/wp\/v2\/pages\/59"}],"collection":[{"href":"https:\/\/schnasseldag.lima-city.de\/wordpress\/wp-json\/wp\/v2\/pages"}],"about":[{"href":"https:\/\/schnasseldag.lima-city.de\/wordpress\/wp-json\/wp\/v2\/types\/page"}],"author":[{"embeddable":true,"href":"https:\/\/schnasseldag.lima-city.de\/wordpress\/wp-json\/wp\/v2\/users\/1"}],"replies":[{"embeddable":true,"href":"https:\/\/schnasseldag.lima-city.de\/wordpress\/wp-json\/wp\/v2\/comments?post=59"}],"version-history":[{"count":4,"href":"https:\/\/schnasseldag.lima-city.de\/wordpress\/wp-json\/wp\/v2\/pages\/59\/revisions"}],"predecessor-version":[{"id":153,"href":"https:\/\/schnasseldag.lima-city.de\/wordpress\/wp-json\/wp\/v2\/pages\/59\/revisions\/153"}],"wp:attachment":[{"href":"https:\/\/schnasseldag.lima-city.de\/wordpress\/wp-json\/wp\/v2\/media?parent=59"}],"curies":[{"name":"wp","href":"https:\/\/api.w.org\/{rel}","templated":true}]}}